{"id":2232,"date":"2024-12-11T19:05:16","date_gmt":"2024-12-11T18:05:16","guid":{"rendered":"https:\/\/willany.com\/?page_id=2232"},"modified":"2026-02-25T12:38:17","modified_gmt":"2026-02-25T11:38:17","slug":"bemutatlak-onmagadnak","status":"publish","type":"page","link":"https:\/\/willany.com\/?page_id=2232","title":{"rendered":"Bemutatlak \u00f6nmagadnak"},"content":{"rendered":"\t\t<div data-elementor-type=\"wp-page\" data-elementor-id=\"2232\" class=\"elementor elementor-2232\" data-elementor-post-type=\"page\">\n\t\t\t\t\t\t<section class=\"elementor-section elementor-top-section elementor-element elementor-element-b024bb6 elementor-section-stretched elementor-section-boxed elementor-section-height-default elementor-section-height-default\" data-id=\"b024bb6\" data-element_type=\"section\" data-e-type=\"section\" data-settings=\"{&quot;background_background&quot;:&quot;gradient&quot;,&quot;stretch_section&quot;:&quot;section-stretched&quot;}\">\n\t\t\t\t\t\t<div class=\"elementor-container elementor-column-gap-default\">\n\t\t\t\t\t<div class=\"elementor-column elementor-col-100 elementor-top-column elementor-element elementor-element-9725ae9\" data-id=\"9725ae9\" data-element_type=\"column\" data-e-type=\"column\">\n\t\t\t<div class=\"elementor-widget-wrap elementor-element-populated\">\n\t\t\t\t\t\t<div class=\"elementor-element elementor-element-a79a8f0 elementor-widget elementor-widget-text-editor\" data-id=\"a79a8f0\" data-element_type=\"widget\" data-e-type=\"widget\" data-widget_type=\"text-editor.default\">\n\t\t\t\t<div class=\"elementor-widget-container\">\n\t\t\t\t\t\t\t\t\t<p>Bemutatlak \u00f6nmagadnak<\/p>\t\t\t\t\t\t\t\t<\/div>\n\t\t\t\t<\/div>\n\t\t\t\t<div class=\"elementor-element elementor-element-7a1cdc9 elementor-widget elementor-widget-heading\" data-id=\"7a1cdc9\" data-element_type=\"widget\" data-e-type=\"widget\" data-widget_type=\"heading.default\">\n\t\t\t\t<div class=\"elementor-widget-container\">\n\t\t\t\t\t<h2 class=\"elementor-heading-title elementor-size-default\">t\u00e1ncsz\u00ednh\u00e1zi beavat\u00f3 program a tanul\u00e1si strat\u00e9gi\u00e1kr\u00f3l<\/h2>\t\t\t\t<\/div>\n\t\t\t\t<\/div>\n\t\t\t\t<div class=\"elementor-element elementor-element-9de9588 elementor-widget elementor-widget-spacer\" data-id=\"9de9588\" data-element_type=\"widget\" data-e-type=\"widget\" data-widget_type=\"spacer.default\">\n\t\t\t\t<div class=\"elementor-widget-container\">\n\t\t\t\t\t\t\t<div class=\"elementor-spacer\">\n\t\t\t<div class=\"elementor-spacer-inner\"><\/div>\n\t\t<\/div>\n\t\t\t\t\t\t<\/div>\n\t\t\t\t<\/div>\n\t\t\t\t\t<\/div>\n\t\t<\/div>\n\t\t\t\t\t<\/div>\n\t\t<\/section>\n\t\t\t\t<section class=\"elementor-section elementor-top-section elementor-element elementor-element-5122870 elementor-reverse-tablet elementor-reverse-mobile elementor-section-boxed elementor-section-height-default elementor-section-height-default\" data-id=\"5122870\" data-element_type=\"section\" data-e-type=\"section\" data-settings=\"{&quot;background_background&quot;:&quot;classic&quot;}\">\n\t\t\t\t\t\t<div class=\"elementor-container elementor-column-gap-default\">\n\t\t\t\t\t<div class=\"elementor-column elementor-col-66 elementor-top-column elementor-element elementor-element-f49f822\" data-id=\"f49f822\" data-element_type=\"column\" data-e-type=\"column\">\n\t\t\t<div class=\"elementor-widget-wrap elementor-element-populated\">\n\t\t\t\t\t\t<div class=\"elementor-element elementor-element-ced62ad elementor-widget elementor-widget-text-editor\" data-id=\"ced62ad\" data-element_type=\"widget\" data-e-type=\"widget\" data-widget_type=\"text-editor.default\">\n\t\t\t\t<div class=\"elementor-widget-container\">\n\t\t\t\t\t\t\t\t\t<p>Mi a leggyakoribb tanul\u00e1si strat\u00e9gi\u00e1nk?<\/p><p style=\"text-align: right;\">\u00a0\u201cLusta vagyok, mondom magamnak, majd n\u00e9gy \u00f3r\u00e1t l\u00f3gok a TikTok-on.\u201d<\/p><p>A foglalkoz\u00e1sunk k\u00f6zponti t\u00e9m\u00e1ja, hogy\u00a0hogyan tanulnunk. Milyen m\u00f3dszerek l\u00e9teznek, mi\u00e9rt mi\u00e9rt k\u00f6vetj\u00fck a bej\u00e1rt utat ahelyett, hogy egy\u00e9ni, \u00f6nmagunk sz\u00e1m\u00e1ra ide\u00e1lisabb utakat v\u00e1lasztan\u00e1nk?<\/p><p>Lantos Mih\u00e1ly <em>L\u00e9p\u00e9sel\u0151ny<\/em> c\u00edm\u0171 k\u00f6nyv\u00e9nek sz\u00ednpadi adapt\u00e1ci\u00f3ja seg\u00edts\u00e9g\u00e9vel ez\u00fattal a tanul\u00e1sr\u00f3l tanulunk. El\u0151sz\u00f6r azt gondoljuk v\u00e9gig, hogy hogyan fejl\u0151dhetett ki az idegrendszer\u00fcnk, \u00e9s mi az evol\u00faci\u00f3s oka annak, hogy \u00edgy m\u0171k\u00f6dik? Te hogyan tanulsz gyorsan, \u00e9s hogyan fest koncentr\u00e1ci\u00f3s g\u00f6rb\u00e9d? Nem tudod?<\/p>\t\t\t\t\t\t\t\t<\/div>\n\t\t\t\t<\/div>\n\t\t\t\t\t<\/div>\n\t\t<\/div>\n\t\t\t\t<div class=\"elementor-column elementor-col-33 elementor-top-column elementor-element elementor-element-0d61c66\" data-id=\"0d61c66\" data-element_type=\"column\" data-e-type=\"column\">\n\t\t\t<div class=\"elementor-widget-wrap elementor-element-populated\">\n\t\t\t\t\t\t<div class=\"elementor-element elementor-element-bd11039 elementor-widget__width-initial elementor-widget elementor-widget-text-editor\" data-id=\"bd11039\" data-element_type=\"widget\" data-e-type=\"widget\" data-widget_type=\"text-editor.default\">\n\t\t\t\t<div class=\"elementor-widget-container\">\n\t\t\t\t\t\t\t\t\t<p>A foglalkoz\u00e1s hossza 90 perc.<\/p><p>Aj\u00e1nlott koroszt\u00e1ly: 12-14 \u00e9ves korig.<\/p><p>El\u0151adj\u00e1k a Willany Le\u00f3 t\u00e1ncm\u0171v\u00e9szei \u00e9s zen\u00e9szei.<\/p><p>Koncepci\u00f3: Grecs\u00f3 Zolt\u00e1n<\/p>\t\t\t\t\t\t\t\t<\/div>\n\t\t\t\t<\/div>\n\t\t\t\t\t<\/div>\n\t\t<\/div>\n\t\t\t\t\t<\/div>\n\t\t<\/section>\n\t\t\t\t<section class=\"elementor-section elementor-top-section elementor-element elementor-element-cd29fca elementor-section-boxed elementor-section-height-default elementor-section-height-default\" data-id=\"cd29fca\" data-element_type=\"section\" data-e-type=\"section\" data-settings=\"{&quot;background_background&quot;:&quot;classic&quot;}\">\n\t\t\t\t\t\t<div class=\"elementor-container elementor-column-gap-default\">\n\t\t\t\t\t<div class=\"elementor-column elementor-col-100 elementor-top-column elementor-element elementor-element-7b3799c\" data-id=\"7b3799c\" data-element_type=\"column\" data-e-type=\"column\">\n\t\t\t<div class=\"elementor-widget-wrap elementor-element-populated\">\n\t\t\t\t\t\t<div class=\"elementor-element elementor-element-0d33f8d elementor-widget elementor-widget-spacer\" data-id=\"0d33f8d\" data-element_type=\"widget\" data-e-type=\"widget\" data-widget_type=\"spacer.default\">\n\t\t\t\t<div class=\"elementor-widget-container\">\n\t\t\t\t\t\t\t<div class=\"elementor-spacer\">\n\t\t\t<div class=\"elementor-spacer-inner\"><\/div>\n\t\t<\/div>\n\t\t\t\t\t\t<\/div>\n\t\t\t\t<\/div>\n\t\t\t\t<div class=\"elementor-element elementor-element-ba24058 elementor-widget elementor-widget-text-editor\" data-id=\"ba24058\" data-element_type=\"widget\" data-e-type=\"widget\" data-widget_type=\"text-editor.default\">\n\t\t\t\t<div class=\"elementor-widget-container\">\n\t\t\t\t\t\t\t\t\t<p style=\"text-align: left;\">W. Timothy Gallwey <em>A bels\u0151 j\u00e1tszma\u00a0<\/em>c\u00edm\u0171 k\u00f6nyv\u00e9ben azon felvet\u00e9s\u00e9t t\u00e1rja el\u00e9nk, miszerint k\u00e9t \u00e9n\u00fcnk van. Azt k\u00e9rdezi: ki az az \u00e9n, ki az az \u00f6nmagam? Ki az, aki instrukci\u00f3t ad, \u00e9s ki az, aki megfogadja \u00e9s v\u00e9grehajtja azt? A tanul\u00e1s szempontj\u00e1b\u00f3l &#8211; \u00e1ll\u00edtja az \u00edr\u00f3 &#8211; a legfontosabb kulcsk\u00e9rd\u00e9s a k\u00e9t \u00e9nr\u00e9sz\u00fcnk viszony\u00e1nak min\u0151s\u00e9ge. Ez hat\u00e1rozza meg azt a k\u00e9pess\u00e9g\u00fcnk, hogy az elm\u00e9leti tud\u00e1sunk hogyan tudjuk \u00e1t\u00fcltetni a gyakorlatba.<\/p><p style=\"text-align: left;\">A tanul\u00e1s egyik legfontosabb eleme a k\u00e9t \u00e9nr\u00e9sz kommunik\u00e1ci\u00f3j\u00e1nak fejleszt\u00e9s\u00e9ben rejlik. Nagyon tanuls\u00e1gos lehet, ha meg\u00e9rtj\u00fck, miben h\u00e1tr\u00e1ltat benn\u00fcnket az a jelens\u00e9g, ha nem b\u00edzunk az egyes \u00e9n\u00fcnkben, \u00e9s nem megfelel\u0151en tan\u00edtjuk, biztatjuk magunk.<\/p><p style=\"text-align: left;\">A beavat\u00f3 program r\u00e9szek\u00e9nt a kort\u00e1rst\u00e1nc \u00e9s szabad mozg\u00e1s seg\u00edts\u00e9g\u00e9vel vizu\u00e1lis anal\u00f3gi\u00e1kk\u00e9nt is megjelennek azok a fogalmak, amelyeket az idegrendszer m\u0171k\u00f6d\u00e9se vagy a tanul\u00e1si strat\u00e9gi\u00e1k elemz\u00e9se kapcs\u00e1n felaj\u00e1nlunk az \u00e1ltal\u00e1nos iskol\u00e1s di\u00e1kok sz\u00e1m\u00e1ra, hogy azt\u00e1n k\u00f6z\u00f6sen gondolkodjunk r\u00f3luk. \u00cdgy v\u00e1lik a program egy \u00e9lm\u00e9nyekben \u00e9s \u00e9rt\u00e9kes gondolatokban gazdag el\u0151ad\u00e1ss\u00e1 \u00e9s \u00e9lm\u00e9nny\u00e9 &#8211; hiszen mindannyian \u00e9lm\u00e9nyt\u00e1rsadalomban \u00e9l\u00fcnk.<\/p>\t\t\t\t\t\t\t\t<\/div>\n\t\t\t\t<\/div>\n\t\t\t\t\t<\/div>\n\t\t<\/div>\n\t\t\t\t\t<\/div>\n\t\t<\/section>\n\t\t\t\t<section class=\"elementor-section elementor-top-section elementor-element elementor-element-25add2f elementor-section-boxed elementor-section-height-default elementor-section-height-default\" data-id=\"25add2f\" data-element_type=\"section\" data-e-type=\"section\" data-settings=\"{&quot;background_background&quot;:&quot;classic&quot;}\">\n\t\t\t\t\t\t<div class=\"elementor-container elementor-column-gap-default\">\n\t\t\t\t\t<div class=\"elementor-column elementor-col-100 elementor-top-column elementor-element elementor-element-4f2412b\" data-id=\"4f2412b\" data-element_type=\"column\" data-e-type=\"column\">\n\t\t\t<div class=\"elementor-widget-wrap elementor-element-populated\">\n\t\t\t\t\t\t\t<\/div>\n\t\t<\/div>\n\t\t\t\t\t<\/div>\n\t\t<\/section>\n\t\t\t\t<section class=\"elementor-section elementor-top-section elementor-element elementor-element-c787b9b elementor-section-height-min-height elementor-section-boxed elementor-section-height-default elementor-section-items-middle\" data-id=\"c787b9b\" data-element_type=\"section\" data-e-type=\"section\" data-settings=\"{&quot;background_background&quot;:&quot;gradient&quot;}\">\n\t\t\t\t\t\t<div class=\"elementor-container elementor-column-gap-default\">\n\t\t\t\t\t<div class=\"elementor-column elementor-col-100 elementor-top-column elementor-element elementor-element-b99de43\" data-id=\"b99de43\" data-element_type=\"column\" data-e-type=\"column\">\n\t\t\t<div class=\"elementor-widget-wrap elementor-element-populated\">\n\t\t\t\t\t\t<div class=\"elementor-element elementor-element-860117f elementor-widget elementor-widget-spacer\" data-id=\"860117f\" data-element_type=\"widget\" data-e-type=\"widget\" data-widget_type=\"spacer.default\">\n\t\t\t\t<div class=\"elementor-widget-container\">\n\t\t\t\t\t\t\t<div class=\"elementor-spacer\">\n\t\t\t<div class=\"elementor-spacer-inner\"><\/div>\n\t\t<\/div>\n\t\t\t\t\t\t<\/div>\n\t\t\t\t<\/div>\n\t\t\t\t<div class=\"elementor-element elementor-element-7df7d68 elementor-widget elementor-widget-heading\" data-id=\"7df7d68\" data-element_type=\"widget\" data-e-type=\"widget\" data-widget_type=\"heading.default\">\n\t\t\t\t<div class=\"elementor-widget-container\">\n\t\t\t\t\t<h2 class=\"elementor-heading-title elementor-size-default\">Legy\u00e9l te is Willany Le\u00f3 t\u00e1mogat\u00f3!<\/h2>\t\t\t\t<\/div>\n\t\t\t\t<\/div>\n\t\t\t\t<div class=\"elementor-element elementor-element-38e4ad8 elementor-widget elementor-widget-spacer\" data-id=\"38e4ad8\" data-element_type=\"widget\" data-e-type=\"widget\" data-widget_type=\"spacer.default\">\n\t\t\t\t<div class=\"elementor-widget-container\">\n\t\t\t\t\t\t\t<div class=\"elementor-spacer\">\n\t\t\t<div class=\"elementor-spacer-inner\"><\/div>\n\t\t<\/div>\n\t\t\t\t\t\t<\/div>\n\t\t\t\t<\/div>\n\t\t\t\t<div class=\"elementor-element elementor-element-2f6106d elementor-widget elementor-widget-text-editor\" data-id=\"2f6106d\" data-element_type=\"widget\" data-e-type=\"widget\" data-widget_type=\"text-editor.default\">\n\t\t\t\t<div class=\"elementor-widget-container\">\n\t\t\t\t\t\t\t\t\t<p>T\u00e1mogasd rendszeres szerdai Traf\u00f3s estjeinket, kutat\u00e1saink \u00e9s \u00faj el\u0151ad\u00e1saink l\u00e9trej\u00f6tt\u00e9t, beavat\u00f3 programjainkat, tervez\u00e9s alatt \u00e1ll\u00f3 oktat\u00e1si projekt\u00fcnket &#8211; \u00e1ltal\u00e1ban m\u0171k\u00f6d\u00e9s\u00fcnk \u00e9s fennmarad\u00e1sunk! Banki \u00e1tutal\u00e1ssal tudsz seg\u00edteni nek\u00fcnk &#8211; k\u00e9rlek, hogy a k\u00f6zlem\u00e9ny rovatba az \u201cADOM\u00c1NY\u201d sz\u00f3t \u00edrd be!&nbsp;<\/p>\t\t\t\t\t\t\t\t<\/div>\n\t\t\t\t<\/div>\n\t\t\t\t<div class=\"elementor-element elementor-element-6d8fa8f elementor-widget elementor-widget-text-editor\" data-id=\"6d8fa8f\" data-element_type=\"widget\" data-e-type=\"widget\" data-widget_type=\"text-editor.default\">\n\t\t\t\t<div class=\"elementor-widget-container\">\n\t\t\t\t\t\t\t\t\t<p>Willany Le\u00f3 Kultur\u00e1lis K\u00f6zhaszn\u00fa Nonprofit Kft.<br><\/p><p>OTP Bank Nyrt.<\/p>\n<p>HUF: 11701011-21454246-00000000<\/p>\n<p>IBAN: HU24 1176 3017 1721 5880 0000 0000<\/p>\n<p>SWIFT: OTPVHUHB<\/p>\n<p>K\u00f6sz\u00f6nj\u00fck a bizalmad!<\/p>\t\t\t\t\t\t\t\t<\/div>\n\t\t\t\t<\/div>\n\t\t\t\t\t<\/div>\n\t\t<\/div>\n\t\t\t\t\t<\/div>\n\t\t<\/section>\n\t\t\t\t<\/div>\n\t\t","protected":false},"excerpt":{"rendered":"<p>Bemutatlak \u00f6nmagadnak t\u00e1ncsz\u00ednh\u00e1zi beavat\u00f3 program a tanul\u00e1si strat\u00e9gi\u00e1kr\u00f3l Mi a leggyakoribb tanul\u00e1si strat\u00e9gi\u00e1nk? \u00a0\u201cLusta vagyok, mondom magamnak, majd n\u00e9gy \u00f3r\u00e1t l\u00f3gok a TikTok-on.\u201d A foglalkoz\u00e1sunk k\u00f6zponti t\u00e9m\u00e1ja, hogy\u00a0hogyan tanulnunk. Milyen m\u00f3dszerek l\u00e9teznek, mi\u00e9rt mi\u00e9rt k\u00f6vetj\u00fck a bej\u00e1rt utat ahelyett, hogy egy\u00e9ni, \u00f6nmagunk sz\u00e1m\u00e1ra ide\u00e1lisabb utakat v\u00e1lasztan\u00e1nk? Lantos Mih\u00e1ly L\u00e9p\u00e9sel\u0151ny c\u00edm\u0171 k\u00f6nyv\u00e9nek sz\u00ednpadi adapt\u00e1ci\u00f3ja seg\u00edts\u00e9g\u00e9vel ez\u00fattal [&hellip;]<\/p>\n","protected":false},"author":3,"featured_media":0,"parent":378,"menu_order":0,"comment_status":"closed","ping_status":"closed","template":"elementor_header_footer","meta":{"footnotes":""},"class_list":["post-2232","page","type-page","status-publish","hentry"],"aioseo_notices":[],"_links":{"self":[{"href":"https:\/\/willany.com\/index.php?rest_route=\/wp\/v2\/pages\/2232","targetHints":{"allow":["GET"]}}],"collection":[{"href":"https:\/\/willany.com\/index.php?rest_route=\/wp\/v2\/pages"}],"about":[{"href":"https:\/\/willany.com\/index.php?rest_route=\/wp\/v2\/types\/page"}],"author":[{"embeddable":true,"href":"https:\/\/willany.com\/index.php?rest_route=\/wp\/v2\/users\/3"}],"replies":[{"embeddable":true,"href":"https:\/\/willany.com\/index.php?rest_route=%2Fwp%2Fv2%2Fcomments&post=2232"}],"version-history":[{"count":4,"href":"https:\/\/willany.com\/index.php?rest_route=\/wp\/v2\/pages\/2232\/revisions"}],"predecessor-version":[{"id":2236,"href":"https:\/\/willany.com\/index.php?rest_route=\/wp\/v2\/pages\/2232\/revisions\/2236"}],"up":[{"embeddable":true,"href":"https:\/\/willany.com\/index.php?rest_route=\/wp\/v2\/pages\/378"}],"wp:attachment":[{"href":"https:\/\/willany.com\/index.php?rest_route=%2Fwp%2Fv2%2Fmedia&parent=2232"}],"curies":[{"name":"wp","href":"https:\/\/api.w.org\/{rel}","templated":true}]}}