{"id":1677,"date":"2023-11-07T12:19:19","date_gmt":"2023-11-07T11:19:19","guid":{"rendered":"https:\/\/willany.com\/?page_id=1677"},"modified":"2026-02-25T12:36:54","modified_gmt":"2026-02-25T11:36:54","slug":"willanyleoxv","status":"publish","type":"page","link":"https:\/\/willany.com\/?page_id=1677","title":{"rendered":"Willany Le\u00f3 XV"},"content":{"rendered":"\t\t<div data-elementor-type=\"wp-page\" data-elementor-id=\"1677\" class=\"elementor elementor-1677\" data-elementor-post-type=\"page\">\n\t\t\t\t\t\t<section class=\"elementor-section elementor-top-section elementor-element elementor-element-b024bb6 elementor-section-stretched elementor-section-boxed elementor-section-height-default elementor-section-height-default\" data-id=\"b024bb6\" data-element_type=\"section\" data-e-type=\"section\" data-settings=\"{&quot;background_background&quot;:&quot;gradient&quot;,&quot;stretch_section&quot;:&quot;section-stretched&quot;}\">\n\t\t\t\t\t\t<div class=\"elementor-container elementor-column-gap-default\">\n\t\t\t\t\t<div class=\"elementor-column elementor-col-100 elementor-top-column elementor-element elementor-element-9725ae9\" data-id=\"9725ae9\" data-element_type=\"column\" data-e-type=\"column\">\n\t\t\t<div class=\"elementor-widget-wrap elementor-element-populated\">\n\t\t\t\t\t\t<div class=\"elementor-element elementor-element-a79a8f0 elementor-widget elementor-widget-text-editor\" data-id=\"a79a8f0\" data-element_type=\"widget\" data-e-type=\"widget\" data-widget_type=\"text-editor.default\">\n\t\t\t\t<div class=\"elementor-widget-container\">\n\t\t\t\t\t\t\t\t\t<p>Willany Le\u00f3 XV<\/p>\t\t\t\t\t\t\t\t<\/div>\n\t\t\t\t<\/div>\n\t\t\t\t<div class=\"elementor-element elementor-element-7a1cdc9 elementor-widget elementor-widget-heading\" data-id=\"7a1cdc9\" data-element_type=\"widget\" data-e-type=\"widget\" data-widget_type=\"heading.default\">\n\t\t\t\t<div class=\"elementor-widget-container\">\n\t\t\t\t\t<h2 class=\"elementor-heading-title elementor-size-default\">dokumentumfilm<\/h2>\t\t\t\t<\/div>\n\t\t\t\t<\/div>\n\t\t\t\t<div class=\"elementor-element elementor-element-9de9588 elementor-widget elementor-widget-spacer\" data-id=\"9de9588\" data-element_type=\"widget\" data-e-type=\"widget\" data-widget_type=\"spacer.default\">\n\t\t\t\t<div class=\"elementor-widget-container\">\n\t\t\t\t\t\t\t<div class=\"elementor-spacer\">\n\t\t\t<div class=\"elementor-spacer-inner\"><\/div>\n\t\t<\/div>\n\t\t\t\t\t\t<\/div>\n\t\t\t\t<\/div>\n\t\t\t\t\t<\/div>\n\t\t<\/div>\n\t\t\t\t\t<\/div>\n\t\t<\/section>\n\t\t\t\t<section class=\"elementor-section elementor-top-section elementor-element elementor-element-5122870 elementor-reverse-tablet elementor-reverse-mobile elementor-section-boxed elementor-section-height-default elementor-section-height-default\" data-id=\"5122870\" data-element_type=\"section\" data-e-type=\"section\" data-settings=\"{&quot;background_background&quot;:&quot;classic&quot;}\">\n\t\t\t\t\t\t<div class=\"elementor-container elementor-column-gap-default\">\n\t\t\t\t\t<div class=\"elementor-column elementor-col-66 elementor-top-column elementor-element elementor-element-f49f822\" data-id=\"f49f822\" data-element_type=\"column\" data-e-type=\"column\">\n\t\t\t<div class=\"elementor-widget-wrap elementor-element-populated\">\n\t\t\t\t\t\t<div class=\"elementor-element elementor-element-ced62ad elementor-widget elementor-widget-text-editor\" data-id=\"ced62ad\" data-element_type=\"widget\" data-e-type=\"widget\" data-widget_type=\"text-editor.default\">\n\t\t\t\t<div class=\"elementor-widget-container\">\n\t\t\t\t\t\t\t\t\t<p>2022 utols\u00f3 Traf\u00f3s Willany Le\u00f3 el\u0151ad\u00e1sa ut\u00e1n bemutattuk dokumentumfilm\u00fcnk els\u0151 verzi\u00f3j\u00e1t. A dokumentumfilm c\u00e9lja \u2212 szervezet\u00fcnk tev\u00e9kenys\u00e9geinek \u00e9s t\u00f6rt\u00e9net\u00e9nek bemutat\u00e1sa mellett \u2212 az, hogy megmutassuk az improviz\u00e1ci\u00f3 \u00e9s a t\u00e1mogat\u00f3 k\u00f6z\u00f6ss\u00e9g megtart\u00e1s\u00e1nak fontoss\u00e1g\u00e1t a fiatal el\u0151ad\u00f3m\u0171v\u00e9szek \u00e9let\u00e9ben.\u00a0<\/p><p>Szint\u00e9n priorit\u00e1s, hogy a Willany Le\u00f3 t\u00f6rt\u00e9nete inspir\u00e1ci\u00f3k\u00e9nt szolg\u00e1lhasson t\u00e1rsulatalap\u00edt\u00e1son gondolkoz\u00f3knak, ez\u00e9rt a film k\u00e9s\u0151bbi, teljes verzi\u00f3j\u00e1val szeretn\u00e9nk megmutatni, hogyan lett egy alapvet\u0151en \u00f6nszervez\u0151d\u0151 jam-b\u0151l \u00e9s tal\u00e1lkoz\u00f3helyb\u0151l stabilan m\u0171k\u00f6d\u0151 szervezet. A film t\u00f6rekszik az elm\u00falt 15 \u00e9v\u00fcnkr\u0151l hiteles lenyomatot hagyni, hogy a j\u00f6v\u0151 gener\u00e1ci\u00f3i sz\u00e1m\u00e1ra is el\u00e9rhet\u0151 legyen szervezet\u00fck t\u00f6rt\u00e9nete.<\/p>\t\t\t\t\t\t\t\t<\/div>\n\t\t\t\t<\/div>\n\t\t\t\t\t<\/div>\n\t\t<\/div>\n\t\t\t\t<div class=\"elementor-column elementor-col-33 elementor-top-column elementor-element elementor-element-0d61c66\" data-id=\"0d61c66\" data-element_type=\"column\" data-e-type=\"column\">\n\t\t\t<div class=\"elementor-widget-wrap elementor-element-populated\">\n\t\t\t\t\t\t<div class=\"elementor-element elementor-element-bd11039 elementor-widget__width-initial elementor-widget elementor-widget-text-editor\" data-id=\"bd11039\" data-element_type=\"widget\" data-e-type=\"widget\" data-widget_type=\"text-editor.default\">\n\t\t\t\t<div class=\"elementor-widget-container\">\n\t\t\t\t\t\t\t\t\t<p>Operat\u0151r\u00f6k: Cs\u00edkszentmih\u00e1lyi Ajn\u00e1cska, Ruzsa Rania, Kis M\u00e1rton, Petike \u00c1ron<\/p><p>V\u00e1g\u00f3: Ruzsa Rania, Petike \u00c1ron<\/p><p>Rendez\u0151: Petike \u00c1ron<\/p><p>Produkci\u00f3s vezet\u0151: Pallag S\u00e1ra<\/p><p>A Willany Le\u00f3 munkat\u00e1rsai: Luk\u00e1cs Levente, Szil\u00e1gyi-Pallag Emese<\/p><p>M\u0171v\u00e9szeti vezet\u0151: Grecs\u00f3 Zolt\u00e1n<\/p>\t\t\t\t\t\t\t\t<\/div>\n\t\t\t\t<\/div>\n\t\t\t\t\t<\/div>\n\t\t<\/div>\n\t\t\t\t\t<\/div>\n\t\t<\/section>\n\t\t\t\t<section class=\"elementor-section elementor-top-section elementor-element elementor-element-dca6731 elementor-section-boxed elementor-section-height-default elementor-section-height-default\" data-id=\"dca6731\" data-element_type=\"section\" data-e-type=\"section\" data-settings=\"{&quot;background_background&quot;:&quot;classic&quot;}\">\n\t\t\t\t\t\t<div class=\"elementor-container elementor-column-gap-default\">\n\t\t\t\t\t<div class=\"elementor-column elementor-col-100 elementor-top-column elementor-element elementor-element-97b73cd\" data-id=\"97b73cd\" data-element_type=\"column\" data-e-type=\"column\">\n\t\t\t<div class=\"elementor-widget-wrap elementor-element-populated\">\n\t\t\t\t\t\t<div class=\"elementor-element elementor-element-5f80cc2 elementor-widget elementor-widget-spacer\" data-id=\"5f80cc2\" data-element_type=\"widget\" data-e-type=\"widget\" data-widget_type=\"spacer.default\">\n\t\t\t\t<div class=\"elementor-widget-container\">\n\t\t\t\t\t\t\t<div class=\"elementor-spacer\">\n\t\t\t<div class=\"elementor-spacer-inner\"><\/div>\n\t\t<\/div>\n\t\t\t\t\t\t<\/div>\n\t\t\t\t<\/div>\n\t\t\t\t\t<\/div>\n\t\t<\/div>\n\t\t\t\t\t<\/div>\n\t\t<\/section>\n\t\t\t\t<section class=\"elementor-section elementor-top-section elementor-element elementor-element-d6f5b7b elementor-section-boxed elementor-section-height-default elementor-section-height-default\" data-id=\"d6f5b7b\" data-element_type=\"section\" data-e-type=\"section\" data-settings=\"{&quot;background_background&quot;:&quot;classic&quot;}\">\n\t\t\t\t\t\t<div class=\"elementor-container elementor-column-gap-default\">\n\t\t\t\t\t<div class=\"elementor-column elementor-col-100 elementor-top-column elementor-element elementor-element-4ac3a5a\" data-id=\"4ac3a5a\" data-element_type=\"column\" data-e-type=\"column\">\n\t\t\t<div class=\"elementor-widget-wrap elementor-element-populated\">\n\t\t\t\t\t\t<div class=\"elementor-element elementor-element-c9422ea elementor-widget elementor-widget-video\" data-id=\"c9422ea\" data-element_type=\"widget\" data-e-type=\"widget\" data-settings=\"{&quot;youtube_url&quot;:&quot;https:\\\/\\\/www.youtube.com\\\/watch?v=Is9ZKRAtuXY&quot;,&quot;video_type&quot;:&quot;youtube&quot;,&quot;controls&quot;:&quot;yes&quot;}\" data-widget_type=\"video.default\">\n\t\t\t\t<div class=\"elementor-widget-container\">\n\t\t\t\t\t\t\t<div class=\"elementor-wrapper elementor-open-inline\">\n\t\t\t<div class=\"elementor-video\"><\/div>\t\t<\/div>\n\t\t\t\t\t\t<\/div>\n\t\t\t\t<\/div>\n\t\t\t\t\t<\/div>\n\t\t<\/div>\n\t\t\t\t\t<\/div>\n\t\t<\/section>\n\t\t\t\t<section class=\"elementor-section elementor-top-section elementor-element elementor-element-e2b00bc elementor-section-boxed elementor-section-height-default elementor-section-height-default\" data-id=\"e2b00bc\" data-element_type=\"section\" data-e-type=\"section\" data-settings=\"{&quot;background_background&quot;:&quot;classic&quot;}\">\n\t\t\t\t\t\t<div class=\"elementor-container elementor-column-gap-default\">\n\t\t\t\t\t<div class=\"elementor-column elementor-col-100 elementor-top-column elementor-element elementor-element-fba515c\" data-id=\"fba515c\" data-element_type=\"column\" data-e-type=\"column\">\n\t\t\t<div class=\"elementor-widget-wrap elementor-element-populated\">\n\t\t\t\t\t\t<div class=\"elementor-element elementor-element-5015172 elementor-widget elementor-widget-spacer\" data-id=\"5015172\" data-element_type=\"widget\" data-e-type=\"widget\" data-widget_type=\"spacer.default\">\n\t\t\t\t<div class=\"elementor-widget-container\">\n\t\t\t\t\t\t\t<div class=\"elementor-spacer\">\n\t\t\t<div class=\"elementor-spacer-inner\"><\/div>\n\t\t<\/div>\n\t\t\t\t\t\t<\/div>\n\t\t\t\t<\/div>\n\t\t\t\t<div class=\"elementor-element elementor-element-3e68bab elementor-widget elementor-widget-text-editor\" data-id=\"3e68bab\" data-element_type=\"widget\" data-e-type=\"widget\" data-widget_type=\"text-editor.default\">\n\t\t\t\t<div class=\"elementor-widget-container\">\n\t\t\t\t\t\t\t\t\t<p>T\u00e1mogat\u00f3k<\/p><p><span style=\"font-weight: 400;\">EMMI, NKA, Traf\u00f3 Kort\u00e1rs M\u0171v\u00e9szetek H\u00e1za<\/span><\/p>\t\t\t\t\t\t\t\t<\/div>\n\t\t\t\t<\/div>\n\t\t\t\t\t<\/div>\n\t\t<\/div>\n\t\t\t\t\t<\/div>\n\t\t<\/section>\n\t\t\t\t<section class=\"elementor-section elementor-top-section elementor-element elementor-element-c787b9b elementor-section-height-min-height elementor-section-boxed elementor-section-height-default elementor-section-items-middle\" data-id=\"c787b9b\" data-element_type=\"section\" data-e-type=\"section\" data-settings=\"{&quot;background_background&quot;:&quot;gradient&quot;}\">\n\t\t\t\t\t\t<div class=\"elementor-container elementor-column-gap-default\">\n\t\t\t\t\t<div class=\"elementor-column elementor-col-100 elementor-top-column elementor-element elementor-element-b99de43\" data-id=\"b99de43\" data-element_type=\"column\" data-e-type=\"column\">\n\t\t\t<div class=\"elementor-widget-wrap elementor-element-populated\">\n\t\t\t\t\t\t<div class=\"elementor-element elementor-element-860117f elementor-widget elementor-widget-spacer\" data-id=\"860117f\" data-element_type=\"widget\" data-e-type=\"widget\" data-widget_type=\"spacer.default\">\n\t\t\t\t<div class=\"elementor-widget-container\">\n\t\t\t\t\t\t\t<div class=\"elementor-spacer\">\n\t\t\t<div class=\"elementor-spacer-inner\"><\/div>\n\t\t<\/div>\n\t\t\t\t\t\t<\/div>\n\t\t\t\t<\/div>\n\t\t\t\t<div class=\"elementor-element elementor-element-7df7d68 elementor-widget elementor-widget-heading\" data-id=\"7df7d68\" data-element_type=\"widget\" data-e-type=\"widget\" data-widget_type=\"heading.default\">\n\t\t\t\t<div class=\"elementor-widget-container\">\n\t\t\t\t\t<h2 class=\"elementor-heading-title elementor-size-default\">Legy\u00e9l te is Willany Le\u00f3 t\u00e1mogat\u00f3!<\/h2>\t\t\t\t<\/div>\n\t\t\t\t<\/div>\n\t\t\t\t<div class=\"elementor-element elementor-element-38e4ad8 elementor-widget elementor-widget-spacer\" data-id=\"38e4ad8\" data-element_type=\"widget\" data-e-type=\"widget\" data-widget_type=\"spacer.default\">\n\t\t\t\t<div class=\"elementor-widget-container\">\n\t\t\t\t\t\t\t<div class=\"elementor-spacer\">\n\t\t\t<div class=\"elementor-spacer-inner\"><\/div>\n\t\t<\/div>\n\t\t\t\t\t\t<\/div>\n\t\t\t\t<\/div>\n\t\t\t\t<div class=\"elementor-element elementor-element-2f6106d elementor-widget elementor-widget-text-editor\" data-id=\"2f6106d\" data-element_type=\"widget\" data-e-type=\"widget\" data-widget_type=\"text-editor.default\">\n\t\t\t\t<div class=\"elementor-widget-container\">\n\t\t\t\t\t\t\t\t\t<p>T\u00e1mogasd rendszeres szerdai Traf\u00f3s estjeinket, kutat\u00e1saink \u00e9s \u00faj el\u0151ad\u00e1saink l\u00e9trej\u00f6tt\u00e9t, beavat\u00f3 programjainkat, tervez\u00e9s alatt \u00e1ll\u00f3 oktat\u00e1si projekt\u00fcnket &#8211; \u00e1ltal\u00e1ban m\u0171k\u00f6d\u00e9s\u00fcnk \u00e9s fennmarad\u00e1sunk! Banki \u00e1tutal\u00e1ssal tudsz seg\u00edteni nek\u00fcnk &#8211; k\u00e9rlek, hogy a k\u00f6zlem\u00e9ny rovatba az \u201cADOM\u00c1NY\u201d sz\u00f3t \u00edrd be!&nbsp;<\/p>\t\t\t\t\t\t\t\t<\/div>\n\t\t\t\t<\/div>\n\t\t\t\t<div class=\"elementor-element elementor-element-6d8fa8f elementor-widget elementor-widget-text-editor\" data-id=\"6d8fa8f\" data-element_type=\"widget\" data-e-type=\"widget\" data-widget_type=\"text-editor.default\">\n\t\t\t\t<div class=\"elementor-widget-container\">\n\t\t\t\t\t\t\t\t\t<p>Willany Le\u00f3 Kultur\u00e1lis K\u00f6zhaszn\u00fa Nonprofit Kft.<br><\/p><p>OTP Bank Nyrt.<\/p>\n<p>HUF: 11701011-21454246-00000000<\/p>\n<p>IBAN: HU24 1176 3017 1721 5880 0000 0000<\/p>\n<p>SWIFT: OTPVHUHB<\/p>\n<p>K\u00f6sz\u00f6nj\u00fck a bizalmad!<\/p>\t\t\t\t\t\t\t\t<\/div>\n\t\t\t\t<\/div>\n\t\t\t\t\t<\/div>\n\t\t<\/div>\n\t\t\t\t\t<\/div>\n\t\t<\/section>\n\t\t\t\t<\/div>\n\t\t","protected":false},"excerpt":{"rendered":"<p>Willany Le\u00f3 XV dokumentumfilm 2022 utols\u00f3 Traf\u00f3s Willany Le\u00f3 el\u0151ad\u00e1sa ut\u00e1n bemutattuk dokumentumfilm\u00fcnk els\u0151 verzi\u00f3j\u00e1t. A dokumentumfilm c\u00e9lja \u2212 szervezet\u00fcnk tev\u00e9kenys\u00e9geinek \u00e9s t\u00f6rt\u00e9net\u00e9nek bemutat\u00e1sa mellett \u2212 az, hogy megmutassuk az improviz\u00e1ci\u00f3 \u00e9s a t\u00e1mogat\u00f3 k\u00f6z\u00f6ss\u00e9g megtart\u00e1s\u00e1nak fontoss\u00e1g\u00e1t a fiatal el\u0151ad\u00f3m\u0171v\u00e9szek \u00e9let\u00e9ben.\u00a0 Szint\u00e9n priorit\u00e1s, hogy a Willany Le\u00f3 t\u00f6rt\u00e9nete inspir\u00e1ci\u00f3k\u00e9nt szolg\u00e1lhasson t\u00e1rsulatalap\u00edt\u00e1son gondolkoz\u00f3knak, ez\u00e9rt a film [&hellip;]<\/p>\n","protected":false},"author":3,"featured_media":0,"parent":378,"menu_order":0,"comment_status":"closed","ping_status":"closed","template":"elementor_header_footer","meta":{"footnotes":""},"class_list":["post-1677","page","type-page","status-publish","hentry"],"aioseo_notices":[],"_links":{"self":[{"href":"https:\/\/willany.com\/index.php?rest_route=\/wp\/v2\/pages\/1677","targetHints":{"allow":["GET"]}}],"collection":[{"href":"https:\/\/willany.com\/index.php?rest_route=\/wp\/v2\/pages"}],"about":[{"href":"https:\/\/willany.com\/index.php?rest_route=\/wp\/v2\/types\/page"}],"author":[{"embeddable":true,"href":"https:\/\/willany.com\/index.php?rest_route=\/wp\/v2\/users\/3"}],"replies":[{"embeddable":true,"href":"https:\/\/willany.com\/index.php?rest_route=%2Fwp%2Fv2%2Fcomments&post=1677"}],"version-history":[{"count":5,"href":"https:\/\/willany.com\/index.php?rest_route=\/wp\/v2\/pages\/1677\/revisions"}],"predecessor-version":[{"id":2067,"href":"https:\/\/willany.com\/index.php?rest_route=\/wp\/v2\/pages\/1677\/revisions\/2067"}],"up":[{"embeddable":true,"href":"https:\/\/willany.com\/index.php?rest_route=\/wp\/v2\/pages\/378"}],"wp:attachment":[{"href":"https:\/\/willany.com\/index.php?rest_route=%2Fwp%2Fv2%2Fmedia&parent=1677"}],"curies":[{"name":"wp","href":"https:\/\/api.w.org\/{rel}","templated":true}]}}